{"id":81,"date":"2013-02-03T18:43:31","date_gmt":"2013-02-03T17:43:31","guid":{"rendered":"http:\/\/www.neigecreole.com\/?page_id=81"},"modified":"2014-01-06T09:10:51","modified_gmt":"2014-01-06T08:10:51","slug":"dans-la-presse","status":"publish","type":"page","link":"https:\/\/www.neigecreole.com\/?page_id=81","title":{"rendered":"Presse"},"content":{"rendered":"<p><img loading=\"lazy\" class=\"size-medium wp-image-79 alignnone\" alt=\"interview_radiocanada\" src=\"http:\/\/www.neigecreole.com\/wp-content\/uploads\/2013\/02\/IMG_4357-300x200.jpg\" width=\"300\" height=\"200\" srcset=\"https:\/\/www.neigecreole.com\/wp-content\/uploads\/2013\/02\/IMG_4357-300x200.jpg 300w, https:\/\/www.neigecreole.com\/wp-content\/uploads\/2013\/02\/IMG_4357-1024x682.jpg 1024w, https:\/\/www.neigecreole.com\/wp-content\/uploads\/2013\/02\/IMG_4357-450x300.jpg 450w\" sizes=\"(max-width: 300px) 100vw, 300px\" \/><\/p>\n<div>La presse a parl\u00e9 du projet durant les championnats du monde de Snowboardercross \u00e0 Stoneham, Qu\u00e9bec :<\/div>\n<div><\/div>\n<div><\/div>\n<div><\/div>\n<div><\/div>\n<div><\/div>\n<div><\/div>\n<div>\n<ul>\n<li>Un Ha\u00eftien pour la cause :\u00a0<a href=\"http:\/\/www.radio-canada.ca\/widgets\/mediaconsole\/medianet\/6564987\">Le reportage de Radio Canada TV\u00a0<\/a><\/li>\n<li>Pour ne pas oublier Ha\u00efti : <a href=\"http:\/\/www.radio-canada.ca\/sports\/ski\/2013\/01\/26\/002-001-surf-mondiaux-haiti.shtml\">L&rsquo;article de Radio Canada<\/a><\/li>\n<li>D&rsquo;Ha\u00efti \u00e0 Stoneham :\u00a0<a href=\"http:\/\/www.journaldequebec.com\/2013\/01\/23\/dhaiti-a-stoneham\">Le reportage du journal de Qu\u00e9bec<\/a><\/li>\n<li>Un Ha\u00eftien sur la neige : <a href=\"http:\/\/www.lapresse.ca\/le-soleil\/sports\/sports-de-glisse\/201301\/23\/01-4614409-yannis-roy-un-haitien-sur-la-neige.php\">L&rsquo;article du soleil<\/a><\/li>\n<li>Meet the Haitian snowboarder : <a href=\"http:\/\/www.thestar.com\/sports\/2013\/01\/18\/snowboarding_world_championships_meet_the_haitian_snowboarder.html\">L&rsquo;article du Star de Toronto<\/a><\/li>\n<li>Neige de Roy : <a href=\"http:\/\/www.ville-sevran.fr\/sites\/default\/files\/slj115.pdf\">L&rsquo;article du journal de Sevran<\/a><\/li>\n<\/ul>\n<\/div>\n","protected":false},"excerpt":{"rendered":"<p>La presse a parl\u00e9 du projet durant les championnats du monde de Snowboardercross \u00e0 Stoneham, Qu\u00e9bec : Un Ha\u00eftien pour la cause :\u00a0Le reportage de Radio Canada TV\u00a0 Pour ne pas oublier Ha\u00efti : L&rsquo;article de Radio Canada D&rsquo;Ha\u00efti \u00e0 &hellip; <a href=\"https:\/\/www.neigecreole.com\/?page_id=81\">Continuer la lecture <span class=\"meta-nav\">&rarr;<\/span><\/a><\/p>\n","protected":false},"author":1,"featured_media":0,"parent":0,"menu_order":3,"comment_status":"closed","ping_status":"closed","template":"","meta":[],"_links":{"self":[{"href":"https:\/\/www.neigecreole.com\/index.php?rest_route=\/wp\/v2\/pages\/81"}],"collection":[{"href":"https:\/\/www.neigecreole.com\/index.php?rest_route=\/wp\/v2\/pages"}],"about":[{"href":"https:\/\/www.neigecreole.com\/index.php?rest_route=\/wp\/v2\/types\/page"}],"author":[{"embeddable":true,"href":"https:\/\/www.neigecreole.com\/index.php?rest_route=\/wp\/v2\/users\/1"}],"replies":[{"embeddable":true,"href":"https:\/\/www.neigecreole.com\/index.php?rest_route=%2Fwp%2Fv2%2Fcomments&post=81"}],"version-history":[{"count":11,"href":"https:\/\/www.neigecreole.com\/index.php?rest_route=\/wp\/v2\/pages\/81\/revisions"}],"predecessor-version":[{"id":84,"href":"https:\/\/www.neigecreole.com\/index.php?rest_route=\/wp\/v2\/pages\/81\/revisions\/84"}],"wp:attachment":[{"href":"https:\/\/www.neigecreole.com\/index.php?rest_route=%2Fwp%2Fv2%2Fmedia&parent=81"}],"curies":[{"name":"wp","href":"https:\/\/api.w.org\/{rel}","templated":true}]}}